{"id":296,"date":"2022-01-25T17:21:59","date_gmt":"2022-01-25T16:21:59","guid":{"rendered":"https:\/\/www.vrg3.es\/productes\/"},"modified":"2022-01-25T19:41:41","modified_gmt":"2022-01-25T18:41:41","slug":"productes","status":"publish","type":"page","link":"https:\/\/www.vrg3.es\/ca\/productes\/","title":{"rendered":"Productes"},"content":{"rendered":"<p>[et_pb_section fb_built=&#8221;1&#8243; fullwidth=&#8221;on&#8221; _builder_version=&#8221;4.14.4&#8243; _module_preset=&#8221;default&#8221; global_colors_info=&#8221;{}&#8221;][et_pb_fullwidth_post_title _builder_version=&#8221;4.14.4&#8243; _module_preset=&#8221;default&#8221; global_colors_info=&#8221;{}&#8221;][\/et_pb_fullwidth_post_title][\/et_pb_section][et_pb_section fb_built=&#8221;1&#8243; admin_label=&#8221;section&#8221; _builder_version=&#8221;3.22&#8243; global_colors_info=&#8221;{}&#8221;][et_pb_row _builder_version=&#8221;4.14.4&#8243; _module_preset=&#8221;default&#8221; global_colors_info=&#8221;{}&#8221;][et_pb_column type=&#8221;4_4&#8243; _builder_version=&#8221;4.14.4&#8243; _module_preset=&#8221;default&#8221; global_colors_info=&#8221;{}&#8221;][et_pb_text _builder_version=&#8221;4.14.4&#8243; _module_preset=&#8221;fb0ccabd-887a-4302-b809-ce40cb9fe037&#8243; global_colors_info=&#8221;{}&#8221;]<\/p>\n<h3>\u00a1Volem tancar el cercle!<\/h3>\n<p>Creem nous productes a partir dels residus.[\/et_pb_text][et_pb_divider color=&#8221;#0086B3&#8243; divider_weight=&#8221;2px&#8221; _builder_version=&#8221;4.14.4&#8243; _module_preset=&#8221;default&#8221; global_colors_info=&#8221;{}&#8221;][\/et_pb_divider][\/et_pb_column][\/et_pb_row][et_pb_row column_structure=&#8221;1_3,1_3,1_3&#8243; _builder_version=&#8221;4.14.4&#8243; _module_preset=&#8221;default&#8221; custom_padding=&#8221;0px|||||&#8221; hover_enabled=&#8221;0&#8243; global_colors_info=&#8221;{}&#8221; use_custom_gutter=&#8221;on&#8221; gutter_width=&#8221;2&#8243; sticky_enabled=&#8221;0&#8243;][et_pb_column type=&#8221;1_3&#8243; _builder_version=&#8221;4.14.4&#8243; _module_preset=&#8221;default&#8221; global_colors_info=&#8221;{}&#8221;][et_pb_cta title=&#8221;Pl\u00e0stic reciclat i reciclable&#8221; button_url=&#8221;#&#8221; _builder_version=&#8221;4.14.4&#8243; _module_preset=&#8221;default&#8221; custom_margin=&#8221;20px||0px||false|false&#8221; hover_enabled=&#8221;0&#8243; global_colors_info=&#8221;{}&#8221; sticky_enabled=&#8221;0&#8243;]<strong>\u00a1Volem tancar el cercle!<\/strong><\/p>\n<p>Et proporcionem gran\u00e7a i triturat d&#8217;origen reciclat. Tamb\u00e9 pl\u00e0stic reciclat certificat per a que puguis informar als teus clients dels percentatges de pl\u00e0stic\u00a0 reciclat que incorporen els teus productes.[\/et_pb_cta][et_pb_image src=&#8221;https:\/\/www.vrg3.es\/wp-content\/uploads\/2021\/12\/blog-plastico-bale-pet.jpg&#8221; title_text=&#8221;blog-plastico-bale-pet&#8221; _builder_version=&#8221;4.14.4&#8243; _module_preset=&#8221;default&#8221; global_colors_info=&#8221;{}&#8221; border_width_all=&#8221;2px&#8221; border_color_all=&#8221;#0086B3&#8243;][\/et_pb_image][\/et_pb_column][et_pb_column type=&#8221;1_3&#8243; _builder_version=&#8221;4.14.4&#8243; _module_preset=&#8221;default&#8221; global_colors_info=&#8221;{}&#8221;][et_pb_cta title=&#8221;Reactius de depuradora&#8221; button_url=&#8221;#&#8221; _builder_version=&#8221;4.14.4&#8243; _module_preset=&#8221;default&#8221; background_color=&#8221;#7EBA27&#8243; custom_margin=&#8221;20px||0px||false|false&#8221; hover_enabled=&#8221;0&#8243; global_colors_info=&#8221;{}&#8221; sticky_enabled=&#8221;0&#8243;][\/et_pb_cta][et_pb_image src=&#8221;https:\/\/www.vrg3.es\/wp-content\/uploads\/2022\/01\/Productes-reactius-depuradora.jpg&#8221; _builder_version=&#8221;4.14.4&#8243; _module_preset=&#8221;default&#8221; title_text=&#8221;Productes reactius depuradora&#8221; hover_enabled=&#8221;0&#8243; sticky_enabled=&#8221;0&#8243; border_width_all=&#8221;2px&#8221; border_color_all=&#8221;#7EBA27&#8243; force_fullwidth=&#8221;on&#8221;][\/et_pb_image][et_pb_cta title=&#8221;Draps i absorbents&#8221; button_url=&#8221;#&#8221; _builder_version=&#8221;4.14.4&#8243; _module_preset=&#8221;default&#8221; custom_margin=&#8221;20px||0px||false|false&#8221; hover_enabled=&#8221;0&#8243; global_colors_info=&#8221;{}&#8221; sticky_enabled=&#8221;0&#8243;][\/et_pb_cta][et_pb_image src=&#8221;https:\/\/www.vrg3.es\/wp-content\/uploads\/2022\/01\/Productes-absorbents-1.jpg&#8221; _builder_version=&#8221;4.14.4&#8243; _module_preset=&#8221;default&#8221; title_text=&#8221;Productes absorbents 1&#8243; hover_enabled=&#8221;0&#8243; sticky_enabled=&#8221;0&#8243; border_width_all=&#8221;2px&#8221; border_color_all=&#8221;#0086B3&#8243;][\/et_pb_image][\/et_pb_column][et_pb_column type=&#8221;1_3&#8243; _builder_version=&#8221;4.14.4&#8243; _module_preset=&#8221;default&#8221; global_colors_info=&#8221;{}&#8221;][et_pb_cta title=&#8221;EPIS i cubetes de retenci\u00f3&#8221; button_url=&#8221;#&#8221; _builder_version=&#8221;4.14.4&#8243; _module_preset=&#8221;default&#8221; custom_margin=&#8221;20px||0px||false|false&#8221; hover_enabled=&#8221;0&#8243; global_colors_info=&#8221;{}&#8221; sticky_enabled=&#8221;0&#8243;][\/et_pb_cta][et_pb_image src=&#8221;https:\/\/www.vrg3.es\/wp-content\/uploads\/2022\/01\/Productes-cubells.jpg&#8221; _builder_version=&#8221;4.14.4&#8243; _module_preset=&#8221;default&#8221; title_text=&#8221;Productes cubells&#8221; hover_enabled=&#8221;0&#8243; sticky_enabled=&#8221;0&#8243; border_width_all=&#8221;2px&#8221; border_color_all=&#8221;#0086B3&#8243;][\/et_pb_image][et_pb_cta title=&#8221;Carb\u00f3 actiu&#8221; button_url=&#8221;#&#8221; _builder_version=&#8221;4.14.4&#8243; _module_preset=&#8221;default&#8221; background_color=&#8221;#7EBA27&#8243; custom_margin=&#8221;20px||0px||false|false&#8221; hover_enabled=&#8221;0&#8243; global_colors_info=&#8221;{}&#8221; sticky_enabled=&#8221;0&#8243;]Oferim carb\u00f3 actiu per a tot tipus de processos industrials, principalment per a tractaments de gasos i tractaments de l&#8217;aigua.[\/et_pb_cta][\/et_pb_column][\/et_pb_row][\/et_pb_section]<\/p>\n","protected":false},"excerpt":{"rendered":"<p>Ens posem al vostre servei per a fer una gesti\u00f3 m\u00e9s responsable i sostenible dels residus generats a la vostra empresa. Estudiant en cada cas, la millor manera de dur-ho a terme, posant a la vostra disposici\u00f3 els equips i freq\u00fc\u00e8ncies de recollida m\u00e9s adequades. <\/p>\n","protected":false},"author":1,"featured_media":262,"parent":0,"menu_order":9,"comment_status":"closed","ping_status":"closed","template":"","meta":{"_et_pb_use_builder":"on","_et_pb_old_content":"","_et_gb_content_width":"","footnotes":""},"class_list":["post-296","page","type-page","status-publish","has-post-thumbnail","hentry"],"_links":{"self":[{"href":"https:\/\/www.vrg3.es\/ca\/wp-json\/wp\/v2\/pages\/296","targetHints":{"allow":["GET"]}}],"collection":[{"href":"https:\/\/www.vrg3.es\/ca\/wp-json\/wp\/v2\/pages"}],"about":[{"href":"https:\/\/www.vrg3.es\/ca\/wp-json\/wp\/v2\/types\/page"}],"author":[{"embeddable":true,"href":"https:\/\/www.vrg3.es\/ca\/wp-json\/wp\/v2\/users\/1"}],"replies":[{"embeddable":true,"href":"https:\/\/www.vrg3.es\/ca\/wp-json\/wp\/v2\/comments?post=296"}],"version-history":[{"count":7,"href":"https:\/\/www.vrg3.es\/ca\/wp-json\/wp\/v2\/pages\/296\/revisions"}],"predecessor-version":[{"id":382,"href":"https:\/\/www.vrg3.es\/ca\/wp-json\/wp\/v2\/pages\/296\/revisions\/382"}],"wp:featuredmedia":[{"embeddable":true,"href":"https:\/\/www.vrg3.es\/ca\/wp-json\/wp\/v2\/media\/262"}],"wp:attachment":[{"href":"https:\/\/www.vrg3.es\/ca\/wp-json\/wp\/v2\/media?parent=296"}],"curies":[{"name":"wp","href":"https:\/\/api.w.org\/{rel}","templated":true}]}}