{"id":290,"date":"2022-01-25T17:17:20","date_gmt":"2022-01-25T16:17:20","guid":{"rendered":"https:\/\/www.vrg3.es\/serveis\/"},"modified":"2022-01-25T17:17:24","modified_gmt":"2022-01-25T16:17:24","slug":"serveis","status":"publish","type":"page","link":"https:\/\/www.vrg3.es\/ca\/serveis\/","title":{"rendered":"Serveis"},"content":{"rendered":"<p>[et_pb_section fb_built=&#8221;1&#8243; fullwidth=&#8221;on&#8221; _builder_version=&#8221;4.14.4&#8243; _module_preset=&#8221;default&#8221; global_colors_info=&#8221;{}&#8221;][et_pb_fullwidth_post_title _builder_version=&#8221;4.14.4&#8243; _module_preset=&#8221;default&#8221; global_colors_info=&#8221;{}&#8221;][\/et_pb_fullwidth_post_title][\/et_pb_section][et_pb_section fb_built=&#8221;1&#8243; admin_label=&#8221;section&#8221; _builder_version=&#8221;3.22&#8243; global_colors_info=&#8221;{}&#8221;][et_pb_row _builder_version=&#8221;4.14.4&#8243; _module_preset=&#8221;default&#8221; global_colors_info=&#8221;{}&#8221;][et_pb_column type=&#8221;4_4&#8243; _builder_version=&#8221;4.14.4&#8243; _module_preset=&#8221;default&#8221; global_colors_info=&#8221;{}&#8221;][et_pb_text _builder_version=&#8221;4.14.4&#8243; _module_preset=&#8221;fb0ccabd-887a-4302-b809-ce40cb9fe037&#8243; global_colors_info=&#8221;{}&#8221;]A part del transport i gesti\u00f3 de residus perillosos i no perillosos oferim:[\/et_pb_text][et_pb_divider color=&#8221;#0086B3&#8243; divider_weight=&#8221;2px&#8221; _builder_version=&#8221;4.14.4&#8243; _module_preset=&#8221;default&#8221; global_colors_info=&#8221;{}&#8221;][\/et_pb_divider][\/et_pb_column][\/et_pb_row][et_pb_row column_structure=&#8221;1_3,1_3,1_3&#8243; _builder_version=&#8221;4.14.4&#8243; _module_preset=&#8221;default&#8221; global_colors_info=&#8221;{}&#8221;][et_pb_column type=&#8221;1_3&#8243; _builder_version=&#8221;4.14.4&#8243; _module_preset=&#8221;default&#8221; global_colors_info=&#8221;{}&#8221;][et_pb_blurb title=&#8221;Assessor\u00eda ambiental&#8221; use_icon=&#8221;on&#8221; font_icon=&#8221;&#xf0ea;||fa||900&#8243; _builder_version=&#8221;4.14.4&#8243; _module_preset=&#8221;default&#8221; hover_enabled=&#8221;0&#8243; global_colors_info=&#8221;{}&#8221; background__hover_enabled=&#8221;on|desktop&#8221;]Tr\u00e0mits i documentaci\u00f3 de gesti\u00f3 de residus: Estudi de minimizaci\u00f3 de residus, An\u00e0lisis de riscos medioambientals, Informes d` impacte i sostenibilitat ambiental, DAE, ISP, DARI, PEP, DUCA, Perm\u00eds de vessaments, SDR (FS, DI).[\/et_pb_blurb][\/et_pb_column][et_pb_column type=&#8221;1_3&#8243; _builder_version=&#8221;4.14.4&#8243; _module_preset=&#8221;default&#8221; global_colors_info=&#8221;{}&#8221;][et_pb_blurb title=&#8221;Destrucci\u00f3 documental&#8221; use_icon=&#8221;on&#8221; font_icon=&#8221;&#xf12d;||fa||900&#8243; _builder_version=&#8221;4.14.4&#8243; _module_preset=&#8221;default&#8221; hover_enabled=&#8221;0&#8243; global_colors_info=&#8221;{}&#8221; sticky_enabled=&#8221;0&#8243;]<\/p>\n<div class=\"col-lg-4 col-md-6 col-sm-12\">\n<article class=\"service-content-two media wow animate fadeInUp\" data-wow-delay=\".3s\">\n<div class=\"media-body\">\n<p>Comptem amb la log\u00edstica adequada per a la recollida i destrucci\u00f3 de documentaci\u00f3, puntual o de manera regular, amb certificat i complint LOPD y UNE-EN 15713.<\/p>\n<\/div>\n<\/article>\n<\/div>\n<p>[\/et_pb_blurb][\/et_pb_column][et_pb_column type=&#8221;1_3&#8243; _builder_version=&#8221;4.14.4&#8243; _module_preset=&#8221;default&#8221; global_colors_info=&#8221;{}&#8221;][et_pb_blurb title=&#8221;Eliminaci\u00f3 de productes&#8221; use_icon=&#8221;on&#8221; font_icon=&#8221;&#xf00d;||fa||900&#8243; _builder_version=&#8221;4.14.4&#8243; _module_preset=&#8221;default&#8221; hover_enabled=&#8221;0&#8243; global_colors_info=&#8221;{}&#8221;]Eliminaci\u00f3 de productes no conformes i exist\u00e8ncies obsoletes de manera eficient: recuperant el m\u00e0xim benefici possible mitjan\u00e7ant la valoritzaci\u00f3 i gestionant correctament el rebuig.[\/et_pb_blurb][et_pb_button button_url=&#8221;@ET-DC@eyJkeW5hbWljIjp0cnVlLCJjb250ZW50IjoicG9zdF9saW5rX3VybF9wYWdlIiwic2V0dGluZ3MiOnsicG9zdF9pZCI6IjUzIn19@&#8221; button_text=&#8221;M\u00e9s informaci\u00f3&#8221; button_alignment=&#8221;center&#8221; _builder_version=&#8221;4.14.4&#8243; _dynamic_attributes=&#8221;button_url&#8221; _module_preset=&#8221;default&#8221; global_colors_info=&#8221;{}&#8221;][\/et_pb_button][\/et_pb_column][\/et_pb_row][et_pb_row column_structure=&#8221;1_3,1_3,1_3&#8243; _builder_version=&#8221;4.14.4&#8243; _module_preset=&#8221;default&#8221; global_colors_info=&#8221;{}&#8221;][et_pb_column type=&#8221;1_3&#8243; _builder_version=&#8221;4.14.4&#8243; _module_preset=&#8221;default&#8221; global_colors_info=&#8221;{}&#8221;][et_pb_blurb title=&#8221;Buidat de naus i immobles&#8221; use_icon=&#8221;on&#8221; font_icon=&#8221;&#xf1ad;||fa||900&#8243; _builder_version=&#8221;4.14.4&#8243; _module_preset=&#8221;default&#8221; hover_enabled=&#8221;0&#8243; global_colors_info=&#8221;{}&#8221;]Posem a la vostra disposici\u00f3 els equips necessaris per a dipositar els teus residus i despr\u00e9s els transportem per a la seva correcta gesti\u00f3.\u00a0 O si ho preferiu, ens ocupem del desmuntat, buidat, c\u00e0rrega, transport i gesti\u00f3 dels residus i exist\u00e8ncies que es trobin a l&#8217;immoble.[\/et_pb_blurb][\/et_pb_column][et_pb_column type=&#8221;1_3&#8243; _builder_version=&#8221;4.14.4&#8243; _module_preset=&#8221;default&#8221; global_colors_info=&#8221;{}&#8221;][et_pb_blurb title=&#8221;Anal\u00edtiques d&#8217; admissi\u00f3 de residu a dip\u00f2sit&#8221; use_icon=&#8221;on&#8221; font_icon=&#8221;&#xf0c3;||fa||900&#8243; _builder_version=&#8221;4.14.4&#8243; _module_preset=&#8221;default&#8221; hover_enabled=&#8221;0&#8243; global_colors_info=&#8221;{}&#8221;]Coordinem la presa de mostres amb laboratori autoritzat, i t&#8217;ajudem amb la documentaci\u00f3 per a que el residu sigui admissible a dip\u00f2sit controlat.<\/p>\n<p>En cas de no conformitat, l&#8217;hi trobarem altres vies.[\/et_pb_blurb][\/et_pb_column][et_pb_column type=&#8221;1_3&#8243; _builder_version=&#8221;4.14.4&#8243; _module_preset=&#8221;default&#8221; global_colors_info=&#8221;{}&#8221;][et_pb_blurb title=&#8221;Transport i gesti\u00f3 de terres&#8221; use_icon=&#8221;on&#8221; font_icon=&#8221;&#xf4df;||fa||900&#8243; _builder_version=&#8221;4.14.4&#8243; _module_preset=&#8221;default&#8221; hover_enabled=&#8221;0&#8243; global_colors_info=&#8221;{}&#8221;]Posem a la teva disposici\u00f3 els mitjans per al moviment de terres i els hi trobem destinaci\u00f3, ja es tracti d&#8217;un rebaix, terres impactades o contaminades.[\/et_pb_blurb][\/et_pb_column][\/et_pb_row][et_pb_row column_structure=&#8221;1_3,1_3,1_3&#8243; _builder_version=&#8221;4.14.4&#8243; _module_preset=&#8221;default&#8221; global_colors_info=&#8221;{}&#8221;][et_pb_column type=&#8221;1_3&#8243; _builder_version=&#8221;4.14.4&#8243; _module_preset=&#8221;default&#8221; global_colors_info=&#8221;{}&#8221;][et_pb_blurb title=&#8221;Envasos utilitzats, reciclats i nous&#8221; use_icon=&#8221;on&#8221; font_icon=&#8221;&#xf1c0;||fa||900&#8243; _builder_version=&#8221;4.14.4&#8243; _module_preset=&#8221;default&#8221; hover_enabled=&#8221;0&#8243; global_colors_info=&#8221;{}&#8221;]<\/p>\n<div class=\"col-lg-4 col-md-6 col-sm-12\">\n<article class=\"service-content-two media wow animate fadeInUp\" data-wow-delay=\".3s\">\n<div class=\"media-body\">Subministrem l&#8217;env\u00e0s adequat per a que emmagatzemis els teus residus (bidons, IBC&#8217;s i bigbags). Tamb\u00e9 podem subministrar i retirar els teus pallets usats per a que generin un rendiment.<\/div>\n<\/article>\n<\/div>\n<p>[\/et_pb_blurb][\/et_pb_column][et_pb_column type=&#8221;1_3&#8243; _builder_version=&#8221;4.14.4&#8243; _module_preset=&#8221;default&#8221; global_colors_info=&#8221;{}&#8221;][et_pb_blurb title=&#8221;Producte&#8221; use_icon=&#8221;on&#8221; font_icon=&#8221;&#xf1b3;||fa||900&#8243; _builder_version=&#8221;4.14.4&#8243; _module_preset=&#8221;default&#8221; hover_enabled=&#8221;0&#8243; global_colors_info=&#8221;{}&#8221;]Carb\u00f3 actiu, draps i absorbents.\u00a0 EPIS i cubetes de retenci\u00f3, reactius de depuradora, etc.[\/et_pb_blurb][et_pb_button button_url=&#8221;@ET-DC@eyJkeW5hbWljIjp0cnVlLCJjb250ZW50IjoicG9zdF9saW5rX3VybF9wYWdlIiwic2V0dGluZ3MiOnsicG9zdF9pZCI6IjYzIn19@&#8221; button_text=&#8221;M\u00e9s informaci\u00f3&#8221; button_alignment=&#8221;center&#8221; _builder_version=&#8221;4.14.4&#8243; _dynamic_attributes=&#8221;button_url&#8221; _module_preset=&#8221;default&#8221; global_colors_info=&#8221;{}&#8221;][\/et_pb_button][\/et_pb_column][et_pb_column type=&#8221;1_3&#8243; _builder_version=&#8221;4.14.4&#8243; _module_preset=&#8221;default&#8221; global_colors_info=&#8221;{}&#8221;][et_pb_blurb title=&#8221; \u00bfNo trobes el que necessites?&#8221; use_icon=&#8221;on&#8221; font_icon=&#8221;&#xf086;||fa||400&#8243; _builder_version=&#8221;4.14.4&#8243; _module_preset=&#8221;default&#8221; hover_enabled=&#8221;0&#8243; global_colors_info=&#8221;{}&#8221;]Contacta amb nosaltres i dona&#8217;ns l&#8217;oportunitat d&#8217;oferir-t&#8217;ho.[\/et_pb_blurb][et_pb_button button_url=&#8221;@ET-DC@eyJkeW5hbWljIjp0cnVlLCJjb250ZW50IjoicG9zdF9saW5rX3VybF9wYWdlIiwic2V0dGluZ3MiOnsicG9zdF9pZCI6Ijc0In19@&#8221; button_text=&#8221;Contacte&#8221; button_alignment=&#8221;center&#8221; _builder_version=&#8221;4.14.4&#8243; _dynamic_attributes=&#8221;button_url&#8221; _module_preset=&#8221;default&#8221; global_colors_info=&#8221;{}&#8221;][\/et_pb_button][\/et_pb_column][\/et_pb_row][\/et_pb_section]<\/p>\n","protected":false},"excerpt":{"rendered":"<p>Ens posem al vostre servei per a fer una gesti\u00f3 m\u00e9s responsable i sostenible dels residus generats a la vostra empresa. Estudiant en cada cas, la millor manera de dur-ho a terme, posant a la vostra disposici\u00f3 els equips i freq\u00fc\u00e8ncies de recollida m\u00e9s adequades<\/p>\n","protected":false},"author":1,"featured_media":262,"parent":0,"menu_order":7,"comment_status":"closed","ping_status":"closed","template":"","meta":{"_et_pb_use_builder":"on","_et_pb_old_content":"","_et_gb_content_width":"","footnotes":""},"class_list":["post-290","page","type-page","status-publish","has-post-thumbnail","hentry"],"_links":{"self":[{"href":"https:\/\/www.vrg3.es\/ca\/wp-json\/wp\/v2\/pages\/290","targetHints":{"allow":["GET"]}}],"collection":[{"href":"https:\/\/www.vrg3.es\/ca\/wp-json\/wp\/v2\/pages"}],"about":[{"href":"https:\/\/www.vrg3.es\/ca\/wp-json\/wp\/v2\/types\/page"}],"author":[{"embeddable":true,"href":"https:\/\/www.vrg3.es\/ca\/wp-json\/wp\/v2\/users\/1"}],"replies":[{"embeddable":true,"href":"https:\/\/www.vrg3.es\/ca\/wp-json\/wp\/v2\/comments?post=290"}],"version-history":[{"count":5,"href":"https:\/\/www.vrg3.es\/ca\/wp-json\/wp\/v2\/pages\/290\/revisions"}],"predecessor-version":[{"id":295,"href":"https:\/\/www.vrg3.es\/ca\/wp-json\/wp\/v2\/pages\/290\/revisions\/295"}],"wp:featuredmedia":[{"embeddable":true,"href":"https:\/\/www.vrg3.es\/ca\/wp-json\/wp\/v2\/media\/262"}],"wp:attachment":[{"href":"https:\/\/www.vrg3.es\/ca\/wp-json\/wp\/v2\/media?parent=290"}],"curies":[{"name":"wp","href":"https:\/\/api.w.org\/{rel}","templated":true}]}}